{"id":103,"date":"2014-05-14T10:58:16","date_gmt":"2014-05-14T10:58:16","guid":{"rendered":"http:\/\/www.detlevandevalet.se\/?page_id=103"},"modified":"2018-06-20T10:49:22","modified_gmt":"2018-06-20T09:49:22","slug":"vill-du-spela-mer-rollspel","status":"publish","type":"page","link":"https:\/\/www.detlevandevalet.se\/?page_id=103","title":{"rendered":"Mera rollspel"},"content":{"rendered":"<p><img decoding=\"async\" loading=\"lazy\" class=\"alignright wp-image-292 size-medium\" src=\"https:\/\/www.detlevandevalet.se\/wp-content\/uploads\/2018\/06\/Marlene_Broman_2018_M-223x300.jpg\" alt=\"\" width=\"223\" height=\"300\" srcset=\"https:\/\/www.detlevandevalet.se\/wp-content\/uploads\/2018\/06\/Marlene_Broman_2018_M-223x300.jpg 223w, https:\/\/www.detlevandevalet.se\/wp-content\/uploads\/2018\/06\/Marlene_Broman_2018_M-768x1033.jpg 768w, https:\/\/www.detlevandevalet.se\/wp-content\/uploads\/2018\/06\/Marlene_Broman_2018_M-761x1024.jpg 761w, https:\/\/www.detlevandevalet.se\/wp-content\/uploads\/2018\/06\/Marlene_Broman_2018_M-230x309.jpg 230w, https:\/\/www.detlevandevalet.se\/wp-content\/uploads\/2018\/06\/Marlene_Broman_2018_M-350x471.jpg 350w, https:\/\/www.detlevandevalet.se\/wp-content\/uploads\/2018\/06\/Marlene_Broman_2018_M-480x646.jpg 480w, https:\/\/www.detlevandevalet.se\/wp-content\/uploads\/2018\/06\/Marlene_Broman_2018_M.jpg 774w\" sizes=\"(max-width: 223px) 100vw, 223px\" \/><\/p>\n<p>En av Sveroks verksamhetsgrenar \u00e4r rollspel och rollspelsf\u00f6reningar finns p\u00e5 m\u00e5nga platser i hela landet. Den som \u00e4r intresserad av rollspel \u00e4r varmt v\u00e4lkommen att kontakta Sverok f\u00f6r att f\u00e5 hj\u00e4lp att leta upp en f\u00f6rening i n\u00e4rheten.<\/p>\n<p>Det g\u00e5r ocks\u00e5 att starta en egen f\u00f6rening. Att organisera sitt spelande i en Sverokf\u00f6rening inneb\u00e4r att en f\u00e5r st\u00f6d i att ut\u00f6va sin hobby och st\u00f6rre m\u00f6jlighet att genomf\u00f6ra roliga och sp\u00e4nnande aktiviteter och id\u00e9er.<\/p>\n<p>Bes\u00f6k <a href=\"http:\/\/www.sverok.se\/\" target=\"_blank\" rel=\"noopener\"><strong>www.sverok.se<\/strong><\/a> f\u00f6r mer information.<\/p>\n<p>&nbsp;<\/p>\n<p>&nbsp;<\/p>\n<p>&nbsp;<\/p>\n<p>&nbsp;<\/p>\n","protected":false},"excerpt":{"rendered":"<p>En av Sveroks verksamhetsgrenar \u00e4r rollspel och rollspelsf\u00f6reningar finns p\u00e5 m\u00e5nga platser i hela landet. Den som \u00e4r intresserad av rollspel \u00e4r [&hellip;]<\/p>\n","protected":false},"author":3,"featured_media":0,"parent":0,"menu_order":0,"comment_status":"closed","ping_status":"closed","template":"","meta":[],"_links":{"self":[{"href":"https:\/\/www.detlevandevalet.se\/index.php?rest_route=\/wp\/v2\/pages\/103"}],"collection":[{"href":"https:\/\/www.detlevandevalet.se\/index.php?rest_route=\/wp\/v2\/pages"}],"about":[{"href":"https:\/\/www.detlevandevalet.se\/index.php?rest_route=\/wp\/v2\/types\/page"}],"author":[{"embeddable":true,"href":"https:\/\/www.detlevandevalet.se\/index.php?rest_route=\/wp\/v2\/users\/3"}],"replies":[{"embeddable":true,"href":"https:\/\/www.detlevandevalet.se\/index.php?rest_route=%2Fwp%2Fv2%2Fcomments&post=103"}],"version-history":[{"count":23,"href":"https:\/\/www.detlevandevalet.se\/index.php?rest_route=\/wp\/v2\/pages\/103\/revisions"}],"predecessor-version":[{"id":293,"href":"https:\/\/www.detlevandevalet.se\/index.php?rest_route=\/wp\/v2\/pages\/103\/revisions\/293"}],"wp:attachment":[{"href":"https:\/\/www.detlevandevalet.se\/index.php?rest_route=%2Fwp%2Fv2%2Fmedia&parent=103"}],"curies":[{"name":"wp","href":"https:\/\/api.w.org\/{rel}","templated":true}]}}