{"id":11,"date":"2014-03-07T11:52:32","date_gmt":"2014-03-07T11:52:32","guid":{"rendered":"http:\/\/www.detlevandevalet.se\/?page_id=11"},"modified":"2018-08-15T11:08:58","modified_gmt":"2018-08-15T10:08:58","slug":"kontakt","status":"publish","type":"page","link":"https:\/\/www.detlevandevalet.se\/?page_id=11","title":{"rendered":"Kontakt"},"content":{"rendered":"<p>Vill du veta mer om projektet <em>Det levande valet<\/em>, eller rollspelen som ing\u00e5r?<\/p>\n<p><img decoding=\"async\" loading=\"lazy\" class=\"alignright wp-image-313 size-medium\" src=\"https:\/\/www.detlevandevalet.se\/wp-content\/uploads\/2018\/08\/Marlene_Broman_2018_1-223x300.jpg\" alt=\"\" width=\"223\" height=\"300\" srcset=\"https:\/\/www.detlevandevalet.se\/wp-content\/uploads\/2018\/08\/Marlene_Broman_2018_1-223x300.jpg 223w, https:\/\/www.detlevandevalet.se\/wp-content\/uploads\/2018\/08\/Marlene_Broman_2018_1-768x1034.jpg 768w, https:\/\/www.detlevandevalet.se\/wp-content\/uploads\/2018\/08\/Marlene_Broman_2018_1-760x1024.jpg 760w, https:\/\/www.detlevandevalet.se\/wp-content\/uploads\/2018\/08\/Marlene_Broman_2018_1-830x1118.jpg 830w, https:\/\/www.detlevandevalet.se\/wp-content\/uploads\/2018\/08\/Marlene_Broman_2018_1-230x310.jpg 230w, https:\/\/www.detlevandevalet.se\/wp-content\/uploads\/2018\/08\/Marlene_Broman_2018_1-350x471.jpg 350w, https:\/\/www.detlevandevalet.se\/wp-content\/uploads\/2018\/08\/Marlene_Broman_2018_1-480x647.jpg 480w, https:\/\/www.detlevandevalet.se\/wp-content\/uploads\/2018\/08\/Marlene_Broman_2018_1.jpg 1107w\" sizes=\"(max-width: 223px) 100vw, 223px\" \/><\/p>\n<p>V\u00e4lkommen att kontakta oss!<\/p>\n<p><a href=\"https:\/\/svea.org\/\">Sveriges elevr\u00e5d &#8211; SVEA<\/a><\/p>\n<p>Tel:\u00a008-562 788 00<br \/>\nE-post: info@svea.org<\/p>\n<p><a href=\"http:\/\/www.sverok.se\/\" target=\"_blank\" rel=\"noopener\">Sverok \u2013 Spelhobbyf\u00f6rbundet\u00a0<\/a><\/p>\n<p>Tel: 010-551 93 00<br \/>\nE-post: info@sverok.se<\/p>\n","protected":false},"excerpt":{"rendered":"<p>Vill du veta mer om projektet Det levande valet, eller rollspelen som ing\u00e5r? V\u00e4lkommen att kontakta oss! Sveriges elevr\u00e5d &#8211; SVEA Tel:\u00a008-562 [&hellip;]<\/p>\n","protected":false},"author":3,"featured_media":0,"parent":0,"menu_order":0,"comment_status":"closed","ping_status":"closed","template":"","meta":[],"_links":{"self":[{"href":"https:\/\/www.detlevandevalet.se\/index.php?rest_route=\/wp\/v2\/pages\/11"}],"collection":[{"href":"https:\/\/www.detlevandevalet.se\/index.php?rest_route=\/wp\/v2\/pages"}],"about":[{"href":"https:\/\/www.detlevandevalet.se\/index.php?rest_route=\/wp\/v2\/types\/page"}],"author":[{"embeddable":true,"href":"https:\/\/www.detlevandevalet.se\/index.php?rest_route=\/wp\/v2\/users\/3"}],"replies":[{"embeddable":true,"href":"https:\/\/www.detlevandevalet.se\/index.php?rest_route=%2Fwp%2Fv2%2Fcomments&post=11"}],"version-history":[{"count":15,"href":"https:\/\/www.detlevandevalet.se\/index.php?rest_route=\/wp\/v2\/pages\/11\/revisions"}],"predecessor-version":[{"id":314,"href":"https:\/\/www.detlevandevalet.se\/index.php?rest_route=\/wp\/v2\/pages\/11\/revisions\/314"}],"wp:attachment":[{"href":"https:\/\/www.detlevandevalet.se\/index.php?rest_route=%2Fwp%2Fv2%2Fmedia&parent=11"}],"curies":[{"name":"wp","href":"https:\/\/api.w.org\/{rel}","templated":true}]}}