{"id":19,"date":"2014-03-07T12:09:24","date_gmt":"2014-03-07T12:09:24","guid":{"rendered":"http:\/\/www.detlevandevalet.se\/?page_id=19"},"modified":"2018-08-15T10:56:26","modified_gmt":"2018-08-15T09:56:26","slug":"radet-ett-rollspel-om-demokratifragor-och-europaparlamentet","status":"publish","type":"page","link":"https:\/\/www.detlevandevalet.se\/?page_id=19","title":{"rendered":"R\u00e5det"},"content":{"rendered":"<h4><strong>Vi befinner oss m\u00e5nga hundra \u00e5r in i framtiden &#8230;<\/strong><\/h4>\n<p>I rollspelet <em>R\u00e5det<\/em> har hela solsystemet koloniserats, och alla planeter har blivit sj\u00e4lvst\u00e4ndiga. Nu m\u00f6ts delegater fr\u00e5n alla planeter och alla politiska koalitioner f\u00f6r att delta i ett \u00f6desm\u00e4ttat val som kommer avg\u00f6ra solsystemets framtid.<\/p>\n<p><em>R\u00e5det<\/em> \u00e4r ett rollspel som handlar om demokratiska system och politisk utveckling. Deltagarna ska med varandras och handledarens hj\u00e4lp kunna dra paralleller till Europaparlamentets demokratiska process, och diskutera den utifr\u00e5n sina egna erfarenheter i spelet.<\/p>\n<p><strong>Speluppl\u00e4gg<\/strong><br \/>\n16\u201325 spelare<br \/>\nCirka 60 minuter spel<br \/>\n30\u201360 minuter efterdiskussion<\/p>\n<p><strong>Detta ing\u00e5r i spelet<\/strong><br \/>\nSpelledarhandledning, spelbeskrivning och bilagor<\/p>\n<p><strong>Ladda ner R\u00e5det h\u00e4r:<\/strong><\/p>\n<p><a href=\"https:\/\/www.detlevandevalet.se\/wp-content\/uploads\/2018\/08\/R\u00e5det.pdf\" target=\"_blank\" rel=\"noopener\"><img decoding=\"async\" loading=\"lazy\" class=\"alignleft wp-image-305 size-medium\" src=\"https:\/\/www.detlevandevalet.se\/wp-content\/uploads\/2018\/08\/Marlene_Broman_2018_R\u00e5det-212x300.jpg\" alt=\"\" width=\"212\" height=\"300\" srcset=\"https:\/\/www.detlevandevalet.se\/wp-content\/uploads\/2018\/08\/Marlene_Broman_2018_R\u00e5det-212x300.jpg 212w, https:\/\/www.detlevandevalet.se\/wp-content\/uploads\/2018\/08\/Marlene_Broman_2018_R\u00e5det-768x1086.jpg 768w, https:\/\/www.detlevandevalet.se\/wp-content\/uploads\/2018\/08\/Marlene_Broman_2018_R\u00e5det-724x1024.jpg 724w, https:\/\/www.detlevandevalet.se\/wp-content\/uploads\/2018\/08\/Marlene_Broman_2018_R\u00e5det-830x1174.jpg 830w, https:\/\/www.detlevandevalet.se\/wp-content\/uploads\/2018\/08\/Marlene_Broman_2018_R\u00e5det-230x325.jpg 230w, https:\/\/www.detlevandevalet.se\/wp-content\/uploads\/2018\/08\/Marlene_Broman_2018_R\u00e5det-350x495.jpg 350w, https:\/\/www.detlevandevalet.se\/wp-content\/uploads\/2018\/08\/Marlene_Broman_2018_R\u00e5det-480x679.jpg 480w\" sizes=\"(max-width: 212px) 100vw, 212px\" \/><\/a><\/p>\n<p>&nbsp;<\/p>\n<p>&nbsp;<\/p>\n","protected":false},"excerpt":{"rendered":"<p>Vi befinner oss m\u00e5nga hundra \u00e5r in i framtiden &#8230; I rollspelet R\u00e5det har hela solsystemet koloniserats, och alla planeter har blivit [&hellip;]<\/p>\n","protected":false},"author":3,"featured_media":0,"parent":0,"menu_order":0,"comment_status":"closed","ping_status":"closed","template":"","meta":[],"_links":{"self":[{"href":"https:\/\/www.detlevandevalet.se\/index.php?rest_route=\/wp\/v2\/pages\/19"}],"collection":[{"href":"https:\/\/www.detlevandevalet.se\/index.php?rest_route=\/wp\/v2\/pages"}],"about":[{"href":"https:\/\/www.detlevandevalet.se\/index.php?rest_route=\/wp\/v2\/types\/page"}],"author":[{"embeddable":true,"href":"https:\/\/www.detlevandevalet.se\/index.php?rest_route=\/wp\/v2\/users\/3"}],"replies":[{"embeddable":true,"href":"https:\/\/www.detlevandevalet.se\/index.php?rest_route=%2Fwp%2Fv2%2Fcomments&post=19"}],"version-history":[{"count":10,"href":"https:\/\/www.detlevandevalet.se\/index.php?rest_route=\/wp\/v2\/pages\/19\/revisions"}],"predecessor-version":[{"id":311,"href":"https:\/\/www.detlevandevalet.se\/index.php?rest_route=\/wp\/v2\/pages\/19\/revisions\/311"}],"wp:attachment":[{"href":"https:\/\/www.detlevandevalet.se\/index.php?rest_route=%2Fwp%2Fv2%2Fmedia&parent=19"}],"curies":[{"name":"wp","href":"https:\/\/api.w.org\/{rel}","templated":true}]}}