{"id":253,"date":"2018-04-11T08:52:37","date_gmt":"2018-04-11T07:52:37","guid":{"rendered":"http:\/\/www.detlevandevalet.se\/?page_id=253"},"modified":"2018-08-30T09:03:13","modified_gmt":"2018-08-30T08:03:13","slug":"valet-2018","status":"publish","type":"page","link":"https:\/\/www.detlevandevalet.se\/?page_id=253","title":{"rendered":"Valet 2018"},"content":{"rendered":"<p>Om du spelar Republiken Skolan som frist\u00e5ende \u00e4ventyr, och inte som del av ett block om \u00e5rets val, s\u00e5 \u00e4r det viktigt att deltagarna f\u00e5r m\u00f6jlighet att s\u00e4tta sina l\u00e4rdomar i ett sammanhang. De diskussionsfr\u00e5gor som finns i spelh\u00e4ftet handlar mest om sj\u00e4lva spelet och de l\u00e4rdomar en kan dra av det.<\/p>\n<p>F\u00f6r att ge inspiration till en efterdiskussion som \u00e4r tydligt kopplad till dagens politiska landskap finns h\u00e4r ett diskussionsunderlag som mer direkt knyter an till n\u00e5gra skolpolitiska fr\u00e5gor som \u00e4r aktuella i svensk politik just nu.<\/p>\n<p><strong>H\u00e4r kan du ladda ner diskussionsunderlaget:<\/strong><\/p>\n<p><a href=\"https:\/\/www.detlevandevalet.se\/wp-content\/uploads\/2018\/04\/Valfr\u00e5gor_2018.pdf\" target=\"_blank\" rel=\"noopener\"><em>Valfr\u00e5gor 2018<\/em><\/a><\/p>\n<p>&nbsp;<\/p>\n<p><img decoding=\"async\" loading=\"lazy\" class=\"size-large wp-image-326 alignleft\" src=\"https:\/\/www.detlevandevalet.se\/wp-content\/uploads\/2018\/08\/Republiken-skolan_bard-1024x458.jpg\" alt=\"\" width=\"1024\" height=\"458\" srcset=\"https:\/\/www.detlevandevalet.se\/wp-content\/uploads\/2018\/08\/Republiken-skolan_bard-1024x458.jpg 1024w, https:\/\/www.detlevandevalet.se\/wp-content\/uploads\/2018\/08\/Republiken-skolan_bard-300x134.jpg 300w, https:\/\/www.detlevandevalet.se\/wp-content\/uploads\/2018\/08\/Republiken-skolan_bard-768x344.jpg 768w, https:\/\/www.detlevandevalet.se\/wp-content\/uploads\/2018\/08\/Republiken-skolan_bard-830x371.jpg 830w, https:\/\/www.detlevandevalet.se\/wp-content\/uploads\/2018\/08\/Republiken-skolan_bard-230x103.jpg 230w, https:\/\/www.detlevandevalet.se\/wp-content\/uploads\/2018\/08\/Republiken-skolan_bard-350x157.jpg 350w, https:\/\/www.detlevandevalet.se\/wp-content\/uploads\/2018\/08\/Republiken-skolan_bard-480x215.jpg 480w\" sizes=\"(max-width: 1024px) 100vw, 1024px\" \/><\/p>\n","protected":false},"excerpt":{"rendered":"<p>Om du spelar Republiken Skolan som frist\u00e5ende \u00e4ventyr, och inte som del av ett block om \u00e5rets val, s\u00e5 \u00e4r det viktigt [&hellip;]<\/p>\n","protected":false},"author":5,"featured_media":0,"parent":0,"menu_order":0,"comment_status":"closed","ping_status":"closed","template":"","meta":[],"_links":{"self":[{"href":"https:\/\/www.detlevandevalet.se\/index.php?rest_route=\/wp\/v2\/pages\/253"}],"collection":[{"href":"https:\/\/www.detlevandevalet.se\/index.php?rest_route=\/wp\/v2\/pages"}],"about":[{"href":"https:\/\/www.detlevandevalet.se\/index.php?rest_route=\/wp\/v2\/types\/page"}],"author":[{"embeddable":true,"href":"https:\/\/www.detlevandevalet.se\/index.php?rest_route=\/wp\/v2\/users\/5"}],"replies":[{"embeddable":true,"href":"https:\/\/www.detlevandevalet.se\/index.php?rest_route=%2Fwp%2Fv2%2Fcomments&post=253"}],"version-history":[{"count":8,"href":"https:\/\/www.detlevandevalet.se\/index.php?rest_route=\/wp\/v2\/pages\/253\/revisions"}],"predecessor-version":[{"id":330,"href":"https:\/\/www.detlevandevalet.se\/index.php?rest_route=\/wp\/v2\/pages\/253\/revisions\/330"}],"wp:attachment":[{"href":"https:\/\/www.detlevandevalet.se\/index.php?rest_route=%2Fwp%2Fv2%2Fmedia&parent=253"}],"curies":[{"name":"wp","href":"https:\/\/api.w.org\/{rel}","templated":true}]}}