{"id":32,"date":"2014-03-17T10:30:51","date_gmt":"2014-03-17T10:30:51","guid":{"rendered":"http:\/\/www.detlevandevalet.se\/?page_id=32"},"modified":"2018-04-26T11:33:12","modified_gmt":"2018-04-26T10:33:12","slug":"republiken-skolan","status":"publish","type":"page","link":"https:\/\/www.detlevandevalet.se\/?page_id=32","title":{"rendered":"Republiken Skolan"},"content":{"rendered":"<h4>Sveriges skolor har skakats av ett elevuppror!<\/h4>\n<p>Rollspelet <em>Republiken Skolan<\/em> utspelar sig i en alternativ nutid, d\u00e4r skolans v\u00e4rld helt f\u00f6r\u00e4ndrats efter ett landsomfattande elevuppror. I rollspelet \u00e4r upproret\u00a0\u00f6ver och skolans framtid st\u00e5r p\u00e5 spel.<\/p>\n<p>Skolverket har tr\u00e4tt in och satt h\u00e5rt mot h\u00e5rt, om eleverna sj\u00e4lva ska styra m\u00e5ste det ske p\u00e5 en demokratisk grund. Rollspelet utspelar sig under f\u00f6rberedelserna inf\u00f6r skolans demokratiska val. Fyra partier diskuterar, \u00f6verl\u00e4gger och intrigerar f\u00f6r att bli det parti som styr skolan.<\/p>\n<p><em>Republiken Skolan<\/em> \u00e4r ett rollspel som handlar om demokratiska system och politisk utveckling. Deltagarna ska med varandras och handledarens hj\u00e4lp kunna dra paralleller till riksdagsvalets demokratiska process, och diskutera den utifr\u00e5n sina egna erfarenheter i spelet.<\/p>\n<p><strong>Speluppl\u00e4gg<\/strong><br \/>\n8\u201325 deltagare<br \/>\n30 minuter introduktion<br \/>\n60 minuter spel<br \/>\n30\u201360 minuter efterdiskussion<\/p>\n<p><strong>Detta ing\u00e5r i h\u00e4ftet<\/strong><br \/>\nSpelledarhandledning, spelbeskrivning och bilagor.<\/p>\n<p><strong>Ladda ner Republiken Skolan h\u00e4r:\u00a0<\/strong><\/p>\n<p><a href=\"https:\/\/www.detlevandevalet.se\/wp-content\/uploads\/2018\/04\/Republiken_Skolan.pdf\" target=\"_blank\" rel=\"noopener\"><img decoding=\"async\" loading=\"lazy\" class=\"alignleft wp-image-272 size-medium\" src=\"https:\/\/www.detlevandevalet.se\/wp-content\/uploads\/2018\/04\/Republiken-skolan-mockup-300x225.jpg\" alt=\"\" width=\"300\" height=\"225\" srcset=\"https:\/\/www.detlevandevalet.se\/wp-content\/uploads\/2018\/04\/Republiken-skolan-mockup-300x225.jpg 300w, https:\/\/www.detlevandevalet.se\/wp-content\/uploads\/2018\/04\/Republiken-skolan-mockup-768x576.jpg 768w, https:\/\/www.detlevandevalet.se\/wp-content\/uploads\/2018\/04\/Republiken-skolan-mockup-1024x768.jpg 1024w, https:\/\/www.detlevandevalet.se\/wp-content\/uploads\/2018\/04\/Republiken-skolan-mockup-830x623.jpg 830w, https:\/\/www.detlevandevalet.se\/wp-content\/uploads\/2018\/04\/Republiken-skolan-mockup-230x173.jpg 230w, https:\/\/www.detlevandevalet.se\/wp-content\/uploads\/2018\/04\/Republiken-skolan-mockup-350x263.jpg 350w, https:\/\/www.detlevandevalet.se\/wp-content\/uploads\/2018\/04\/Republiken-skolan-mockup-480x360.jpg 480w, https:\/\/www.detlevandevalet.se\/wp-content\/uploads\/2018\/04\/Republiken-skolan-mockup.jpg 1600w\" sizes=\"(max-width: 300px) 100vw, 300px\" \/><\/a><\/p>\n<p>&nbsp;<\/p>\n<p>&nbsp;<\/p>\n","protected":false},"excerpt":{"rendered":"<p>Sveriges skolor har skakats av ett elevuppror! Rollspelet Republiken Skolan utspelar sig i en alternativ nutid, d\u00e4r skolans v\u00e4rld helt f\u00f6r\u00e4ndrats efter [&hellip;]<\/p>\n","protected":false},"author":3,"featured_media":0,"parent":0,"menu_order":0,"comment_status":"closed","ping_status":"closed","template":"","meta":[],"_links":{"self":[{"href":"https:\/\/www.detlevandevalet.se\/index.php?rest_route=\/wp\/v2\/pages\/32"}],"collection":[{"href":"https:\/\/www.detlevandevalet.se\/index.php?rest_route=\/wp\/v2\/pages"}],"about":[{"href":"https:\/\/www.detlevandevalet.se\/index.php?rest_route=\/wp\/v2\/types\/page"}],"author":[{"embeddable":true,"href":"https:\/\/www.detlevandevalet.se\/index.php?rest_route=\/wp\/v2\/users\/3"}],"replies":[{"embeddable":true,"href":"https:\/\/www.detlevandevalet.se\/index.php?rest_route=%2Fwp%2Fv2%2Fcomments&post=32"}],"version-history":[{"count":17,"href":"https:\/\/www.detlevandevalet.se\/index.php?rest_route=\/wp\/v2\/pages\/32\/revisions"}],"predecessor-version":[{"id":278,"href":"https:\/\/www.detlevandevalet.se\/index.php?rest_route=\/wp\/v2\/pages\/32\/revisions\/278"}],"wp:attachment":[{"href":"https:\/\/www.detlevandevalet.se\/index.php?rest_route=%2Fwp%2Fv2%2Fmedia&parent=32"}],"curies":[{"name":"wp","href":"https:\/\/api.w.org\/{rel}","templated":true}]}}