{"id":321,"date":"2018-08-30T08:44:25","date_gmt":"2018-08-30T07:44:25","guid":{"rendered":"http:\/\/www.detlevandevalet.se\/?page_id=321"},"modified":"2018-08-30T09:06:56","modified_gmt":"2018-08-30T08:06:56","slug":"europaparlamentsvalet","status":"publish","type":"page","link":"https:\/\/www.detlevandevalet.se\/?page_id=321","title":{"rendered":"Europaparlamentsvalet"},"content":{"rendered":"<p>Om du spelar R\u00e5det som frist\u00e5ende \u00e4ventyr, och inte som del av ett block om \u00e5rets val, s\u00e5 \u00e4r det viktigt att s\u00e4tta l\u00e4rdomarna i ett sammanhang. De diskussionsfr\u00e5gor som finns i spelh\u00e4ftet handlar mest om spelet och de l\u00e4rdomar en kan dra av det.<\/p>\n<p>F\u00f6r att ge inspiration till en efterdiskussion som \u00e4r tydligt kopplad till dagens politiska landskap finns h\u00e4r ett diskussionsunderlag som mer direkt knyter an till n\u00e5gra skolpolitiska fr\u00e5gor som \u00e4r aktuella i svensk politik just nu.<\/p>\n<p><strong>H\u00e4r kan du ladda ner diskussionsunderlaget:<\/strong><\/p>\n<p><a href=\"https:\/\/www.detlevandevalet.se\/wp-content\/uploads\/2018\/08\/Europaparlamentsvalet.pdf\" target=\"_blank\" rel=\"noopener\">Europaparlamentsvalet<\/a><\/p>\n<p><img decoding=\"async\" loading=\"lazy\" class=\"alignleft  wp-image-331\" src=\"https:\/\/www.detlevandevalet.se\/wp-content\/uploads\/2018\/08\/Marlene_Broman_2018_bard2-1024x546.jpg\" alt=\"\" width=\"1018\" height=\"543\" srcset=\"https:\/\/www.detlevandevalet.se\/wp-content\/uploads\/2018\/08\/Marlene_Broman_2018_bard2-1024x546.jpg 1024w, https:\/\/www.detlevandevalet.se\/wp-content\/uploads\/2018\/08\/Marlene_Broman_2018_bard2-300x160.jpg 300w, https:\/\/www.detlevandevalet.se\/wp-content\/uploads\/2018\/08\/Marlene_Broman_2018_bard2-768x409.jpg 768w, https:\/\/www.detlevandevalet.se\/wp-content\/uploads\/2018\/08\/Marlene_Broman_2018_bard2-830x442.jpg 830w, https:\/\/www.detlevandevalet.se\/wp-content\/uploads\/2018\/08\/Marlene_Broman_2018_bard2-230x123.jpg 230w, https:\/\/www.detlevandevalet.se\/wp-content\/uploads\/2018\/08\/Marlene_Broman_2018_bard2-350x187.jpg 350w, https:\/\/www.detlevandevalet.se\/wp-content\/uploads\/2018\/08\/Marlene_Broman_2018_bard2-480x256.jpg 480w\" sizes=\"(max-width: 1018px) 100vw, 1018px\" \/><\/p>\n<p>&nbsp;<\/p>\n","protected":false},"excerpt":{"rendered":"<p>Om du spelar R\u00e5det som frist\u00e5ende \u00e4ventyr, och inte som del av ett block om \u00e5rets val, s\u00e5 \u00e4r det viktigt att [&hellip;]<\/p>\n","protected":false},"author":5,"featured_media":0,"parent":0,"menu_order":0,"comment_status":"closed","ping_status":"closed","template":"","meta":[],"_links":{"self":[{"href":"https:\/\/www.detlevandevalet.se\/index.php?rest_route=\/wp\/v2\/pages\/321"}],"collection":[{"href":"https:\/\/www.detlevandevalet.se\/index.php?rest_route=\/wp\/v2\/pages"}],"about":[{"href":"https:\/\/www.detlevandevalet.se\/index.php?rest_route=\/wp\/v2\/types\/page"}],"author":[{"embeddable":true,"href":"https:\/\/www.detlevandevalet.se\/index.php?rest_route=\/wp\/v2\/users\/5"}],"replies":[{"embeddable":true,"href":"https:\/\/www.detlevandevalet.se\/index.php?rest_route=%2Fwp%2Fv2%2Fcomments&post=321"}],"version-history":[{"count":6,"href":"https:\/\/www.detlevandevalet.se\/index.php?rest_route=\/wp\/v2\/pages\/321\/revisions"}],"predecessor-version":[{"id":332,"href":"https:\/\/www.detlevandevalet.se\/index.php?rest_route=\/wp\/v2\/pages\/321\/revisions\/332"}],"wp:attachment":[{"href":"https:\/\/www.detlevandevalet.se\/index.php?rest_route=%2Fwp%2Fv2%2Fmedia&parent=321"}],"curies":[{"name":"wp","href":"https:\/\/api.w.org\/{rel}","templated":true}]}}